{"id":218,"date":"2022-07-04T17:35:27","date_gmt":"2022-07-04T15:35:27","guid":{"rendered":"https:\/\/www.vereinshausmarling.info\/home\/"},"modified":"2023-10-03T12:34:09","modified_gmt":"2023-10-03T10:34:09","slug":"home","status":"publish","type":"page","link":"https:\/\/www.vereinshausmarling.info\/it\/","title":{"rendered":"Home"},"content":{"rendered":"\t\t<div data-elementor-type=\"wp-page\" data-elementor-id=\"218\" class=\"elementor elementor-218 elementor-5\">\n\t\t\t\t\t\t<section class=\"elementor-section elementor-top-section elementor-element elementor-element-ad2aee3 elementor-section-boxed elementor-section-height-default elementor-section-height-default\" data-id=\"ad2aee3\" data-element_type=\"section\">\n\t\t\t\t\t\t<div class=\"elementor-container elementor-column-gap-default\">\n\t\t\t\t\t<div class=\"elementor-column elementor-col-100 elementor-top-column elementor-element elementor-element-6c76c30\" data-id=\"6c76c30\" data-element_type=\"column\">\n\t\t\t<div class=\"elementor-widget-wrap elementor-element-populated\">\n\t\t\t\t\t\t<div class=\"elementor-element elementor-element-87eda11 elementor-widget elementor-widget-spacer\" data-id=\"87eda11\" data-element_type=\"widget\" data-widget_type=\"spacer.default\">\n\t\t\t\t<div class=\"elementor-widget-container\">\n\t\t\t\t\t\t\t<div class=\"elementor-spacer\">\n\t\t\t<div class=\"elementor-spacer-inner\"><\/div>\n\t\t<\/div>\n\t\t\t\t\t\t<\/div>\n\t\t\t\t<\/div>\n\t\t\t\t\t<\/div>\n\t\t<\/div>\n\t\t\t\t\t<\/div>\n\t\t<\/section>\n\t\t\t\t<section class=\"elementor-section elementor-top-section elementor-element elementor-element-477c8dc startseite elementor-section-boxed elementor-section-height-default elementor-section-height-default\" data-id=\"477c8dc\" data-element_type=\"section\" id=\"startseite\">\n\t\t\t\t\t\t<div class=\"elementor-container elementor-column-gap-default\">\n\t\t\t\t\t<div class=\"elementor-column elementor-col-100 elementor-top-column elementor-element elementor-element-8cc9dd7\" data-id=\"8cc9dd7\" data-element_type=\"column\">\n\t\t\t<div class=\"elementor-widget-wrap elementor-element-populated\">\n\t\t\t\t\t\t<div class=\"elementor-element elementor-element-599ac76 elementor-widget elementor-widget-text-editor\" data-id=\"599ac76\" data-element_type=\"widget\" data-widget_type=\"text-editor.default\">\n\t\t\t\t<div class=\"elementor-widget-container\">\n\t\t\t\t\t\t\t\t\t<h1>Benvenuti nella casa delle associazioni di Marlengo!<\/h1>\n\t\t\t\t\t\t\t\t<\/div>\n\t\t\t\t<\/div>\n\t\t\t\t\t<\/div>\n\t\t<\/div>\n\t\t\t\t\t<\/div>\n\t\t<\/section>\n\t\t\t\t<section class=\"elementor-section elementor-top-section elementor-element elementor-element-f9ae965 elementor-section-boxed elementor-section-height-default elementor-section-height-default\" data-id=\"f9ae965\" data-element_type=\"section\">\n\t\t\t\t\t\t<div class=\"elementor-container elementor-column-gap-default\">\n\t\t\t\t\t<div class=\"elementor-column elementor-col-100 elementor-top-column elementor-element elementor-element-0ca7047\" data-id=\"0ca7047\" data-element_type=\"column\">\n\t\t\t<div class=\"elementor-widget-wrap elementor-element-populated\">\n\t\t\t\t\t\t<div class=\"elementor-element elementor-element-4542829 elementor-align-center elementor-widget elementor-widget-button\" data-id=\"4542829\" data-element_type=\"widget\" data-widget_type=\"button.default\">\n\t\t\t\t<div class=\"elementor-widget-container\">\n\t\t\t\t\t\t\t\t\t<div class=\"elementor-button-wrapper\">\n\t\t\t\t\t<a class=\"elementor-button elementor-button-link elementor-size-md\" href=\"https:\/\/www.vereinshausmarling.info\/it\/prenotazioni\/\">\n\t\t\t\t\t\t<span class=\"elementor-button-content-wrapper\">\n\t\t\t\t\t\t\t\t\t<span class=\"elementor-button-text\">Clicca qui per prenotare!<\/span>\n\t\t\t\t\t<\/span>\n\t\t\t\t\t<\/a>\n\t\t\t\t<\/div>\n\t\t\t\t\t\t\t\t<\/div>\n\t\t\t\t<\/div>\n\t\t\t\t\t<\/div>\n\t\t<\/div>\n\t\t\t\t\t<\/div>\n\t\t<\/section>\n\t\t\t\t<section class=\"elementor-section elementor-top-section elementor-element elementor-element-771241e elementor-section-boxed elementor-section-height-default elementor-section-height-default\" data-id=\"771241e\" data-element_type=\"section\">\n\t\t\t\t\t\t<div class=\"elementor-container elementor-column-gap-default\">\n\t\t\t\t\t<div class=\"elementor-column elementor-col-100 elementor-top-column elementor-element elementor-element-bf63a3d\" data-id=\"bf63a3d\" data-element_type=\"column\">\n\t\t\t<div class=\"elementor-widget-wrap elementor-element-populated\">\n\t\t\t\t\t\t<div class=\"elementor-element elementor-element-463d847 elementor-widget elementor-widget-spacer\" data-id=\"463d847\" data-element_type=\"widget\" data-widget_type=\"spacer.default\">\n\t\t\t\t<div class=\"elementor-widget-container\">\n\t\t\t\t\t\t\t<div class=\"elementor-spacer\">\n\t\t\t<div class=\"elementor-spacer-inner\"><\/div>\n\t\t<\/div>\n\t\t\t\t\t\t<\/div>\n\t\t\t\t<\/div>\n\t\t\t\t\t<\/div>\n\t\t<\/div>\n\t\t\t\t\t<\/div>\n\t\t<\/section>\n\t\t\t\t<section class=\"elementor-section elementor-top-section elementor-element elementor-element-99f426e elementor-section-boxed elementor-section-height-default elementor-section-height-default\" data-id=\"99f426e\" data-element_type=\"section\">\n\t\t\t\t\t\t<div class=\"elementor-container elementor-column-gap-default\">\n\t\t\t\t\t<div class=\"elementor-column elementor-col-100 elementor-top-column elementor-element elementor-element-913bbca\" data-id=\"913bbca\" data-element_type=\"column\">\n\t\t\t<div class=\"elementor-widget-wrap elementor-element-populated\">\n\t\t\t\t\t\t<div class=\"elementor-element elementor-element-36f3514 elementor-arrows-position-inside elementor-pagination-position-outside elementor-widget elementor-widget-image-carousel\" data-id=\"36f3514\" data-element_type=\"widget\" data-settings=\"{&quot;slides_to_show&quot;:&quot;2&quot;,&quot;navigation&quot;:&quot;both&quot;,&quot;autoplay&quot;:&quot;yes&quot;,&quot;pause_on_hover&quot;:&quot;yes&quot;,&quot;pause_on_interaction&quot;:&quot;yes&quot;,&quot;autoplay_speed&quot;:5000,&quot;infinite&quot;:&quot;yes&quot;,&quot;speed&quot;:500,&quot;image_spacing_custom&quot;:{&quot;unit&quot;:&quot;px&quot;,&quot;size&quot;:20,&quot;sizes&quot;:[]},&quot;image_spacing_custom_tablet&quot;:{&quot;unit&quot;:&quot;px&quot;,&quot;size&quot;:&quot;&quot;,&quot;sizes&quot;:[]},&quot;image_spacing_custom_mobile&quot;:{&quot;unit&quot;:&quot;px&quot;,&quot;size&quot;:&quot;&quot;,&quot;sizes&quot;:[]}}\" data-widget_type=\"image-carousel.default\">\n\t\t\t\t<div class=\"elementor-widget-container\">\n\t\t\t\t\t\t\t<div class=\"elementor-image-carousel-wrapper swiper\" role=\"region\" aria-roledescription=\"carousel\" aria-label=\"Carosello d&#039;immagini\" dir=\"ltr\">\n\t\t\t<div class=\"elementor-image-carousel swiper-wrapper\" aria-live=\"off\">\n\t\t\t\t\t\t\t\t<div class=\"swiper-slide\" role=\"group\" aria-roledescription=\"slide\" aria-label=\"1 di 5\"><figure class=\"swiper-slide-inner\"><img decoding=\"async\" class=\"swiper-slide-image\" src=\"https:\/\/www.vereinshausmarling.info\/wp-content\/uploads\/2022\/08\/Vereinshaus-1-1024x768.jpg\" alt=\"Vereinshaus\" \/><\/figure><\/div><div class=\"swiper-slide\" role=\"group\" aria-roledescription=\"slide\" aria-label=\"2 di 5\"><figure class=\"swiper-slide-inner\"><img decoding=\"async\" class=\"swiper-slide-image\" src=\"https:\/\/www.vereinshausmarling.info\/wp-content\/uploads\/2022\/08\/Buehne-innen-1024x768.jpg\" alt=\"palco interno\" \/><\/figure><\/div><div class=\"swiper-slide\" role=\"group\" aria-roledescription=\"slide\" aria-label=\"3 di 5\"><figure class=\"swiper-slide-inner\"><img decoding=\"async\" class=\"swiper-slide-image\" src=\"https:\/\/www.vereinshausmarling.info\/wp-content\/uploads\/2022\/08\/Festplatz-1024x768.jpg\" alt=\"area per feste\" \/><\/figure><\/div><div class=\"swiper-slide\" role=\"group\" aria-roledescription=\"slide\" aria-label=\"4 di 5\"><figure class=\"swiper-slide-inner\"><img decoding=\"async\" class=\"swiper-slide-image\" src=\"https:\/\/www.vereinshausmarling.info\/wp-content\/uploads\/2022\/08\/Buehne-aussen-1024x768.jpg\" alt=\"palco esterno\" \/><\/figure><\/div><div class=\"swiper-slide\" role=\"group\" aria-roledescription=\"slide\" aria-label=\"5 di 5\"><figure class=\"swiper-slide-inner\"><img decoding=\"async\" class=\"swiper-slide-image\" src=\"https:\/\/www.vereinshausmarling.info\/wp-content\/uploads\/2022\/08\/Vereinshaus-2-1024x768.jpg\" alt=\"Vereinshaus\" \/><\/figure><\/div>\t\t\t<\/div>\n\t\t\t\t\t\t\t\t\t\t\t\t<div class=\"elementor-swiper-button elementor-swiper-button-prev\" role=\"button\" tabindex=\"0\">\n\t\t\t\t\t\t<i aria-hidden=\"true\" class=\"eicon-chevron-left\"><\/i>\t\t\t\t\t<\/div>\n\t\t\t\t\t<div class=\"elementor-swiper-button elementor-swiper-button-next\" role=\"button\" tabindex=\"0\">\n\t\t\t\t\t\t<i aria-hidden=\"true\" class=\"eicon-chevron-right\"><\/i>\t\t\t\t\t<\/div>\n\t\t\t\t\n\t\t\t\t\t\t\t\t\t<div class=\"swiper-pagination\"><\/div>\n\t\t\t\t\t\t\t\t\t<\/div>\n\t\t\t\t\t\t<\/div>\n\t\t\t\t<\/div>\n\t\t\t\t\t<\/div>\n\t\t<\/div>\n\t\t\t\t\t<\/div>\n\t\t<\/section>\n\t\t\t\t<section class=\"elementor-section elementor-top-section elementor-element elementor-element-d701f65 elementor-section-boxed elementor-section-height-default elementor-section-height-default\" data-id=\"d701f65\" data-element_type=\"section\">\n\t\t\t\t\t\t<div class=\"elementor-container elementor-column-gap-default\">\n\t\t\t\t\t<div class=\"elementor-column elementor-col-100 elementor-top-column elementor-element elementor-element-bff0c84\" data-id=\"bff0c84\" data-element_type=\"column\">\n\t\t\t<div class=\"elementor-widget-wrap elementor-element-populated\">\n\t\t\t\t\t\t<div class=\"elementor-element elementor-element-70cb763 elementor-widget elementor-widget-text-editor\" data-id=\"70cb763\" data-element_type=\"widget\" data-widget_type=\"text-editor.default\">\n\t\t\t\t<div class=\"elementor-widget-container\">\n\t\t\t\t\t\t\t\t\t<p>La casa delle associazioni di Marlengo \u00e8 stata costruita per offrire un luogo dove tenere riunioni, corsi, feste, celebrazioni ed eventi di interesse generale. Pertanto, le sue strutture sono generalmente disponibili per tutti i club, le associazioni e i privati. Tuttavia, la priorit\u00e0 \u00e8 data a tutti i club e le associazioni di Marlengo.<br \/>La casa delle associazioni \u00e8 composta da diverse sale (una grande e una piccola, una sala riunioni), una galleria, un palco interno ed esterno, una sala trucco, 2 cucine, un bar, un guardaroba e un ascensore per rendere accessibili tutti gli ambienti.<br \/>Nel corso degli anni, diversi club e associazioni di Marlengo, come l&#8217;AVS, gli Sportsch\u00fctzen, la Sch\u00fctzenkompanie, la Bauernjugend, la Terzenb\u00fchne, il Circolo Culturale e gli Alpini, hanno trovato casa nella casa delle associazioni.<br \/>La gestione della casa delle associazioni \u00e8 di competenza dell&#8217;amministrazione della casa delle associazioni di Marlengo, che viene eletta ogni 3 anni tra i membri dei club aderenti alla casa delle associazioni ed \u00e8 integrata da 2 rappresentanti eletti del consiglio locale. Il Consiglio di amministrazione \u00e8 quindi composto da 7 membri, tra i quali viene eletto un Presidente.<\/p>\n\t\t\t\t\t\t\t\t<\/div>\n\t\t\t\t<\/div>\n\t\t\t\t\t<\/div>\n\t\t<\/div>\n\t\t\t\t\t<\/div>\n\t\t<\/section>\n\t\t\t\t<section class=\"elementor-section elementor-top-section elementor-element elementor-element-0be4668 elementor-section-boxed elementor-section-height-default elementor-section-height-default\" data-id=\"0be4668\" data-element_type=\"section\">\n\t\t\t\t\t\t<div class=\"elementor-container elementor-column-gap-default\">\n\t\t\t\t\t<div class=\"elementor-column elementor-col-100 elementor-top-column elementor-element elementor-element-edda4ac\" data-id=\"edda4ac\" data-element_type=\"column\">\n\t\t\t<div class=\"elementor-widget-wrap elementor-element-populated\">\n\t\t\t\t\t\t<div class=\"elementor-element elementor-element-77f26df elementor-widget elementor-widget-text-editor\" data-id=\"77f26df\" data-element_type=\"widget\" data-widget_type=\"text-editor.default\">\n\t\t\t\t<div class=\"elementor-widget-container\">\n\t\t\t\t\t\t\t\t\t<h2 style=\"text-align: center\">Informazioni sulle sale:<\/h2>\n<ul>\n<li>Sala piccola per ca. 100 persone, dimensioni ca. 100m\u00b2<\/li>\n<li>Sala grande per ca. 200 persone, dimensioni ca. 200m\u00b2<\/li>\n<li>Sala grande e piccola senza pareti divisorie per circa 300 persone, dimensioni circa 300m\u00b2<\/li>\n<li>Sala riunioni per ca. 25 persone, dimensioni ca. 50m\u00b2<\/li>\n<li>Galleria per ca. 80 persone, dimensioni ca. 80 m\u00b2<\/li>\n<li>Palco per ca. 80 persone, dimensioni ca. 80m\u00b2<\/li>\n<li>Sala trucco per ca. 20 persone, dimensioni ca. 70m\u00b2<\/li>\n<li>Camera sotto &#8211; guardaroba per ca 50 persone<\/li>\n<\/ul>\n\t\t\t\t\t\t\t\t<\/div>\n\t\t\t\t<\/div>\n\t\t\t\t\t<\/div>\n\t\t<\/div>\n\t\t\t\t\t<\/div>\n\t\t<\/section>\n\t\t\t\t<section class=\"elementor-section elementor-top-section elementor-element elementor-element-74c5e23 elementor-section-boxed elementor-section-height-default elementor-section-height-default\" data-id=\"74c5e23\" data-element_type=\"section\">\n\t\t\t\t\t\t<div class=\"elementor-container elementor-column-gap-default\">\n\t\t\t\t\t<div class=\"elementor-column elementor-col-100 elementor-top-column elementor-element elementor-element-700426e\" data-id=\"700426e\" data-element_type=\"column\">\n\t\t\t<div class=\"elementor-widget-wrap elementor-element-populated\">\n\t\t\t\t\t\t<div class=\"elementor-element elementor-element-9a38f2d elementor-arrows-position-inside elementor-pagination-position-outside elementor-widget elementor-widget-image-carousel\" data-id=\"9a38f2d\" data-element_type=\"widget\" data-settings=\"{&quot;slides_to_show&quot;:&quot;2&quot;,&quot;navigation&quot;:&quot;both&quot;,&quot;autoplay&quot;:&quot;yes&quot;,&quot;pause_on_hover&quot;:&quot;yes&quot;,&quot;pause_on_interaction&quot;:&quot;yes&quot;,&quot;autoplay_speed&quot;:5000,&quot;infinite&quot;:&quot;yes&quot;,&quot;speed&quot;:500,&quot;image_spacing_custom&quot;:{&quot;unit&quot;:&quot;px&quot;,&quot;size&quot;:20,&quot;sizes&quot;:[]},&quot;image_spacing_custom_tablet&quot;:{&quot;unit&quot;:&quot;px&quot;,&quot;size&quot;:&quot;&quot;,&quot;sizes&quot;:[]},&quot;image_spacing_custom_mobile&quot;:{&quot;unit&quot;:&quot;px&quot;,&quot;size&quot;:&quot;&quot;,&quot;sizes&quot;:[]}}\" data-widget_type=\"image-carousel.default\">\n\t\t\t\t<div class=\"elementor-widget-container\">\n\t\t\t\t\t\t\t<div class=\"elementor-image-carousel-wrapper swiper\" role=\"region\" aria-roledescription=\"carousel\" aria-label=\"Carosello d&#039;immagini\" dir=\"ltr\">\n\t\t\t<div class=\"elementor-image-carousel swiper-wrapper\" aria-live=\"off\">\n\t\t\t\t\t\t\t\t<div class=\"swiper-slide\" role=\"group\" aria-roledescription=\"slide\" aria-label=\"1 di 12\"><figure class=\"swiper-slide-inner\"><img decoding=\"async\" class=\"swiper-slide-image\" src=\"https:\/\/www.vereinshausmarling.info\/wp-content\/uploads\/2022\/08\/Grosser-Saal-mit-Gallerie-1024x768.jpg\" alt=\"sala grande con galleria\" \/><figcaption class=\"elementor-image-carousel-caption\">sala grande con galleria<\/figcaption><\/figure><\/div><div class=\"swiper-slide\" role=\"group\" aria-roledescription=\"slide\" aria-label=\"2 di 12\"><figure class=\"swiper-slide-inner\"><img decoding=\"async\" class=\"swiper-slide-image\" src=\"https:\/\/www.vereinshausmarling.info\/wp-content\/uploads\/2022\/08\/Kleiner-Saal-1024x768.jpg\" alt=\"sala piccola\" \/><figcaption class=\"elementor-image-carousel-caption\">sala piccola<\/figcaption><\/figure><\/div><div class=\"swiper-slide\" role=\"group\" aria-roledescription=\"slide\" aria-label=\"3 di 12\"><figure class=\"swiper-slide-inner\"><img decoding=\"async\" class=\"swiper-slide-image\" src=\"https:\/\/www.vereinshausmarling.info\/wp-content\/uploads\/2022\/08\/Garderobe-neuer-Saal-1024x768.jpg\" alt=\"guardaroba - nuova sala\" \/><figcaption class=\"elementor-image-carousel-caption\">guardaroba - nuova sala<\/figcaption><\/figure><\/div><div class=\"swiper-slide\" role=\"group\" aria-roledescription=\"slide\" aria-label=\"4 di 12\"><figure class=\"swiper-slide-inner\"><img decoding=\"async\" class=\"swiper-slide-image\" src=\"https:\/\/www.vereinshausmarling.info\/wp-content\/uploads\/2022\/08\/Schminkraum-1024x768.jpg\" alt=\"sala trucco\" \/><figcaption class=\"elementor-image-carousel-caption\">sala trucco<\/figcaption><\/figure><\/div><div class=\"swiper-slide\" role=\"group\" aria-roledescription=\"slide\" aria-label=\"5 di 12\"><figure class=\"swiper-slide-inner\"><img decoding=\"async\" class=\"swiper-slide-image\" src=\"https:\/\/www.vereinshausmarling.info\/wp-content\/uploads\/2022\/08\/Sitzungssaal-1024x768.jpg\" alt=\"sala riunioni\" \/><figcaption class=\"elementor-image-carousel-caption\">sala riunioni<\/figcaption><\/figure><\/div><div class=\"swiper-slide\" role=\"group\" aria-roledescription=\"slide\" aria-label=\"6 di 12\"><figure class=\"swiper-slide-inner\"><img decoding=\"async\" class=\"swiper-slide-image\" src=\"https:\/\/www.vereinshausmarling.info\/wp-content\/uploads\/2022\/08\/Kueche-oben-1024x768.jpg\" alt=\"cucina sopra\" \/><figcaption class=\"elementor-image-carousel-caption\">cucina sopra<\/figcaption><\/figure><\/div><div class=\"swiper-slide\" role=\"group\" aria-roledescription=\"slide\" aria-label=\"7 di 12\"><figure class=\"swiper-slide-inner\"><img decoding=\"async\" class=\"swiper-slide-image\" src=\"https:\/\/www.vereinshausmarling.info\/wp-content\/uploads\/2022\/08\/Kueche-unten-1024x768.jpg\" alt=\"cucina sotto\" \/><figcaption class=\"elementor-image-carousel-caption\">cucina sotto<\/figcaption><\/figure><\/div><div class=\"swiper-slide\" role=\"group\" aria-roledescription=\"slide\" aria-label=\"8 di 12\"><figure class=\"swiper-slide-inner\"><img decoding=\"async\" class=\"swiper-slide-image\" src=\"https:\/\/www.vereinshausmarling.info\/wp-content\/uploads\/2022\/08\/Bar-1024x768.jpg\" alt=\"bar\" \/><figcaption class=\"elementor-image-carousel-caption\">bar<\/figcaption><\/figure><\/div><div class=\"swiper-slide\" role=\"group\" aria-roledescription=\"slide\" aria-label=\"9 di 12\"><figure class=\"swiper-slide-inner\"><img decoding=\"async\" class=\"swiper-slide-image\" src=\"https:\/\/www.vereinshausmarling.info\/wp-content\/uploads\/2022\/08\/Schnapsbude-1024x768.jpg\" alt=\"bottega di alcolici\" \/><figcaption class=\"elementor-image-carousel-caption\">bottega di alcolici<\/figcaption><\/figure><\/div><div class=\"swiper-slide\" role=\"group\" aria-roledescription=\"slide\" aria-label=\"10 di 12\"><figure class=\"swiper-slide-inner\"><img decoding=\"async\" class=\"swiper-slide-image\" src=\"https:\/\/www.vereinshausmarling.info\/wp-content\/uploads\/2022\/08\/Festplatz-1024x768.jpg\" alt=\"area per feste\" \/><figcaption class=\"elementor-image-carousel-caption\">area per feste<\/figcaption><\/figure><\/div><div class=\"swiper-slide\" role=\"group\" aria-roledescription=\"slide\" aria-label=\"11 di 12\"><figure class=\"swiper-slide-inner\"><img decoding=\"async\" class=\"swiper-slide-image\" src=\"https:\/\/www.vereinshausmarling.info\/wp-content\/uploads\/2022\/08\/Buehne-aussen-1024x768.jpg\" alt=\"palco esterno\" \/><figcaption class=\"elementor-image-carousel-caption\">palco esterno<\/figcaption><\/figure><\/div><div class=\"swiper-slide\" role=\"group\" aria-roledescription=\"slide\" aria-label=\"12 di 12\"><figure class=\"swiper-slide-inner\"><img decoding=\"async\" class=\"swiper-slide-image\" src=\"https:\/\/www.vereinshausmarling.info\/wp-content\/uploads\/2022\/08\/Buehne-innen-1024x768.jpg\" alt=\"palco interno\" \/><figcaption class=\"elementor-image-carousel-caption\">palco interno<\/figcaption><\/figure><\/div>\t\t\t<\/div>\n\t\t\t\t\t\t\t\t\t\t\t\t<div class=\"elementor-swiper-button elementor-swiper-button-prev\" role=\"button\" tabindex=\"0\">\n\t\t\t\t\t\t<i aria-hidden=\"true\" class=\"eicon-chevron-left\"><\/i>\t\t\t\t\t<\/div>\n\t\t\t\t\t<div class=\"elementor-swiper-button elementor-swiper-button-next\" role=\"button\" tabindex=\"0\">\n\t\t\t\t\t\t<i aria-hidden=\"true\" class=\"eicon-chevron-right\"><\/i>\t\t\t\t\t<\/div>\n\t\t\t\t\n\t\t\t\t\t\t\t\t\t<div class=\"swiper-pagination\"><\/div>\n\t\t\t\t\t\t\t\t\t<\/div>\n\t\t\t\t\t\t<\/div>\n\t\t\t\t<\/div>\n\t\t\t\t\t<\/div>\n\t\t<\/div>\n\t\t\t\t\t<\/div>\n\t\t<\/section>\n\t\t\t\t<\/div>\n\t\t","protected":false},"excerpt":{"rendered":"<p>Benvenuti nella casa delle associazioni di Marlengo! Clicca qui per prenotare! La casa delle associazioni di Marlengo \u00e8 stata costruita per offrire un luogo dove tenere riunioni, corsi, feste, celebrazioni ed eventi di interesse generale. Pertanto, le sue strutture sono generalmente disponibili per tutti i club, le associazioni e i privati. Tuttavia, la priorit\u00e0 \u00e8 &hellip; <\/p>\n<p class=\"link-more\"><a href=\"https:\/\/www.vereinshausmarling.info\/it\/\" class=\"more-link\">Leggi tutto<span class=\"screen-reader-text\"> &#8220;Home&#8221;<\/span><\/a><\/p>\n","protected":false},"author":1,"featured_media":0,"parent":0,"menu_order":0,"comment_status":"closed","ping_status":"closed","template":"elementor_header_footer","meta":{"footnotes":""},"class_list":["post-218","page","type-page","status-publish","hentry"],"_links":{"self":[{"href":"https:\/\/www.vereinshausmarling.info\/it\/wp-json\/wp\/v2\/pages\/218","targetHints":{"allow":["GET"]}}],"collection":[{"href":"https:\/\/www.vereinshausmarling.info\/it\/wp-json\/wp\/v2\/pages"}],"about":[{"href":"https:\/\/www.vereinshausmarling.info\/it\/wp-json\/wp\/v2\/types\/page"}],"author":[{"embeddable":true,"href":"https:\/\/www.vereinshausmarling.info\/it\/wp-json\/wp\/v2\/users\/1"}],"replies":[{"embeddable":true,"href":"https:\/\/www.vereinshausmarling.info\/it\/wp-json\/wp\/v2\/comments?post=218"}],"version-history":[{"count":30,"href":"https:\/\/www.vereinshausmarling.info\/it\/wp-json\/wp\/v2\/pages\/218\/revisions"}],"predecessor-version":[{"id":477,"href":"https:\/\/www.vereinshausmarling.info\/it\/wp-json\/wp\/v2\/pages\/218\/revisions\/477"}],"wp:attachment":[{"href":"https:\/\/www.vereinshausmarling.info\/it\/wp-json\/wp\/v2\/media?parent=218"}],"curies":[{"name":"wp","href":"https:\/\/api.w.org\/{rel}","templated":true}]}}